{"id":134,"date":"2020-07-14T10:36:59","date_gmt":"2020-07-14T10:36:59","guid":{"rendered":"https:\/\/drscheidt.de\/?page_id=134"},"modified":"2020-07-14T10:44:46","modified_gmt":"2020-07-14T10:44:46","slug":"hyaloronsaeureinjektion","status":"publish","type":"page","link":"https:\/\/drscheidt.de\/index.php\/hyaloronsaeureinjektion.html","title":{"rendered":"Hyalorons\u00e4ureinjektion"},"content":{"rendered":"<p>[et_pb_section fb_built=&#8220;1&#8243; fullwidth=&#8220;on&#8220; _builder_version=&#8220;4.4.9&#8243; global_module=&#8220;106&#8243; saved_tabs=&#8220;all&#8220;][et_pb_fullwidth_slider _builder_version=&#8220;4.4.9&#8243; min_height=&#8220;474px&#8220; custom_padding=&#8220;||170px|||&#8220;][et_pb_slide _builder_version=&#8220;4.4.9&#8243; background_enable_color=&#8220;off&#8220; background_image=&#8220;https:\/\/drscheidt.de\/wp-content\/uploads\/2020\/07\/Scheidt_0521.jpg&#8220; background_enable_image=&#8220;on&#8220;][\/et_pb_slide][\/et_pb_fullwidth_slider][\/et_pb_section][et_pb_section fb_built=&#8220;1&#8243; _builder_version=&#8220;4.4.9&#8243;][et_pb_row column_structure=&#8220;2_5,3_5&#8243; _builder_version=&#8220;4.4.9&#8243;][et_pb_column type=&#8220;2_5&#8243; _builder_version=&#8220;4.4.9&#8243;][et_pb_image src=&#8220;https:\/\/drscheidt.de\/wp-content\/uploads\/2020\/07\/Scheidt_1987.jpg&#8220; title_text=&#8220;Scheidt_1987&#8243; _builder_version=&#8220;4.4.9&#8243; hover_enabled=&#8220;0&#8243; custom_margin=&#8220;86px||||false|false&#8220;][\/et_pb_image][\/et_pb_column][et_pb_column type=&#8220;3_5&#8243; _builder_version=&#8220;4.4.9&#8243;][et_pb_text _builder_version=&#8220;4.4.9&#8243; hover_enabled=&#8220;0&#8243;]<\/p>\n<h1>Hyalorons\u00e4ureinjektion<br \/><span color=\"grey\" style=\"color: grey;\">zur Arthrosebehandlung<\/span><\/h1>\n<p>Gelenkverschlei\u00df (Arthrose) ist in unserer Gesellschaft eine weitverbreitete Erkrankung, die im Endstadium zu einem operativen Gelenkersatz (k\u00fcnstliches Gelenk) f\u00fchren kann. Hierbei kommt es in den fr\u00fchen Stadien zu einer Erweichung der Gelenkknorpel, was u. a. zu einer mechanischen Abnutzung bis hin zum v\u00f6lligen Verlust des Gelenkknorpels f\u00fchrt. Urs\u00e4chlich hierf\u00fcr ist u. a. der Verlust von Hyalorons\u00e4ure in den Knorpelschichten. Hyalorons\u00e4ure ist eine k\u00f6rpereigene Substanz, die in den Gelenken als Schmiermittel dient und die den Gelenkknorpeln eine hohe Druckbelastbarkeit verleiht. Durch die Injektion von Hyalorons\u00e4ure werden folgende Effekte erzielt:<\/p>\n<ol>\n<li><b>viskoelastische D\u00e4mpfung (\u201eSto\u00dfd\u00e4mpfereffekt\u201c),\n<p><\/b><\/li>\n<li><b>Schmierung der Gelenkoberfl\u00e4chen,\n<p><\/b><\/li>\n<li><b>Stimulation der noch vorhandenen Knorpelzellen zur Bildung neuer, eigener Hyalorons\u00e4ure und damit einer Verbesserung der Druckbelastbarkeit.<\/b><\/li>\n<\/ol>\n<p>In unserer Praxis verwenden wir eine synthetisch hergestellte Hyalorons\u00e4ure zur Behandlung der fr\u00fchen und mittleren Stadien der Knorpelsch\u00e4digung, um die noch vorhandenen Knorpelzellen zu sch\u00fctzen, das Gelenk belastbarer zu machen und damit das Fortschreiten einer Arthrose zu verlangsamen.<\/p>\n<p><a href=\"https:\/\/drscheidt.de\/index.php\/komfortmedizin.html\">&lt; zur\u00fcck zur Komfortmedizin-\u00dcbersicht<\/a><\/p>\n<p>[\/et_pb_text][\/et_pb_column][\/et_pb_row][\/et_pb_section]<\/p>\n","protected":false},"excerpt":{"rendered":"<p>Hyalorons\u00e4ureinjektionzur Arthrosebehandlung Gelenkverschlei\u00df (Arthrose) ist in unserer Gesellschaft eine weitverbreitete Erkrankung, die im Endstadium zu einem operativen Gelenkersatz (k\u00fcnstliches Gelenk) f\u00fchren kann. Hierbei kommt es in den fr\u00fchen Stadien zu einer Erweichung der Gelenkknorpel, was u. a. zu einer mechanischen Abnutzung bis hin zum v\u00f6lligen Verlust des Gelenkknorpels f\u00fchrt. Urs\u00e4chlich hierf\u00fcr ist u. a. der [&hellip;]<\/p>\n","protected":false},"author":1,"featured_media":0,"parent":0,"menu_order":0,"comment_status":"closed","ping_status":"closed","template":"","meta":{"_et_pb_use_builder":"on","_et_pb_old_content":"","_et_gb_content_width":"","footnotes":""},"class_list":["post-134","page","type-page","status-publish","hentry"],"_links":{"self":[{"href":"https:\/\/drscheidt.de\/index.php\/wp-json\/wp\/v2\/pages\/134","targetHints":{"allow":["GET"]}}],"collection":[{"href":"https:\/\/drscheidt.de\/index.php\/wp-json\/wp\/v2\/pages"}],"about":[{"href":"https:\/\/drscheidt.de\/index.php\/wp-json\/wp\/v2\/types\/page"}],"author":[{"embeddable":true,"href":"https:\/\/drscheidt.de\/index.php\/wp-json\/wp\/v2\/users\/1"}],"replies":[{"embeddable":true,"href":"https:\/\/drscheidt.de\/index.php\/wp-json\/wp\/v2\/comments?post=134"}],"version-history":[{"count":3,"href":"https:\/\/drscheidt.de\/index.php\/wp-json\/wp\/v2\/pages\/134\/revisions"}],"predecessor-version":[{"id":140,"href":"https:\/\/drscheidt.de\/index.php\/wp-json\/wp\/v2\/pages\/134\/revisions\/140"}],"wp:attachment":[{"href":"https:\/\/drscheidt.de\/index.php\/wp-json\/wp\/v2\/media?parent=134"}],"curies":[{"name":"wp","href":"https:\/\/api.w.org\/{rel}","templated":true}]}}