{"id":150,"date":"2020-07-14T12:07:04","date_gmt":"2020-07-14T12:07:04","guid":{"rendered":"https:\/\/drscheidt.de\/?page_id=150"},"modified":"2020-07-14T12:08:27","modified_gmt":"2020-07-14T12:08:27","slug":"knochendichtemessung","status":"publish","type":"page","link":"https:\/\/drscheidt.de\/index.php\/knochendichtemessung.html","title":{"rendered":"Knochendichtemessung"},"content":{"rendered":"<p>[et_pb_section fb_built=&#8220;1&#8243; fullwidth=&#8220;on&#8220; _builder_version=&#8220;4.4.9&#8243; global_module=&#8220;106&#8243; saved_tabs=&#8220;all&#8220;][et_pb_fullwidth_slider _builder_version=&#8220;4.4.9&#8243; min_height=&#8220;474px&#8220; custom_padding=&#8220;||170px|||&#8220;][et_pb_slide _builder_version=&#8220;4.4.9&#8243; background_enable_color=&#8220;off&#8220; background_image=&#8220;https:\/\/drscheidt.de\/wp-content\/uploads\/2020\/07\/Scheidt_0521.jpg&#8220; background_enable_image=&#8220;on&#8220;][\/et_pb_slide][\/et_pb_fullwidth_slider][\/et_pb_section][et_pb_section fb_built=&#8220;1&#8243; _builder_version=&#8220;4.4.9&#8243;][et_pb_row column_structure=&#8220;2_5,3_5&#8243; _builder_version=&#8220;4.4.9&#8243;][et_pb_column type=&#8220;2_5&#8243; _builder_version=&#8220;4.4.9&#8243;][\/et_pb_column][et_pb_column type=&#8220;3_5&#8243; _builder_version=&#8220;4.4.9&#8243;][et_pb_text _builder_version=&#8220;4.4.9&#8243;]<\/p>\n<h1>Knochendichtemessung<br \/><span color=\"grey\" style=\"color: grey;\">zur Diagnostik der Osteoporose<\/span><\/h1>\n<p><span color=\"grey\" style=\"color: grey;\"><\/span><\/p>\n<p>Viele Menschen, besonders Frauen in der Menopause, leiden unter einer Osteoporose. Diese Erkrankung geht mit Schmerzen im Bereich des Skeletts und einem erh\u00f6hten Risiko einher, auch durch leichtere St\u00fcrze einen Knochenbruch, z.B. im Bereich der Wirbels\u00e4ule oder der Schenkelh\u00e4lse zu erleiden.<\/p>\n<p>Die Knochendichtemessung mittels DXA-Verfahren ist die von der Deutschen Gesellschaft f\u00fcr Osteologie empfohlene Untersuchungsmethode zur Erkennung und Klassifizierung der Osteoporose. Wir f\u00fchren diese Untersuchung zur Diagnostik im Rahmen einer Ger\u00e4tegemeinschaft im St. Josef Krankenhaus in Wuppertal durch.<\/p>\n<p>&nbsp;<\/p>\n<p><a href=\"https:\/\/drscheidt.de\/index.php\/komfortmedizin.html\">&lt; zur\u00fcck zur Komfortmedizin-\u00dcbersicht<\/a><\/p>\n<p>&nbsp;<\/p>\n<p>[\/et_pb_text][\/et_pb_column][\/et_pb_row][\/et_pb_section]<\/p>\n","protected":false},"excerpt":{"rendered":"<p>Knochendichtemessungzur Diagnostik der Osteoporose Viele Menschen, besonders Frauen in der Menopause, leiden unter einer Osteoporose. Diese Erkrankung geht mit Schmerzen im Bereich des Skeletts und einem erh\u00f6hten Risiko einher, auch durch leichtere St\u00fcrze einen Knochenbruch, z.B. im Bereich der Wirbels\u00e4ule oder der Schenkelh\u00e4lse zu erleiden. Die Knochendichtemessung mittels DXA-Verfahren ist die von der Deutschen Gesellschaft [&hellip;]<\/p>\n","protected":false},"author":1,"featured_media":0,"parent":0,"menu_order":0,"comment_status":"closed","ping_status":"closed","template":"","meta":{"_et_pb_use_builder":"on","_et_pb_old_content":"","_et_gb_content_width":"","footnotes":""},"class_list":["post-150","page","type-page","status-publish","hentry"],"_links":{"self":[{"href":"https:\/\/drscheidt.de\/index.php\/wp-json\/wp\/v2\/pages\/150","targetHints":{"allow":["GET"]}}],"collection":[{"href":"https:\/\/drscheidt.de\/index.php\/wp-json\/wp\/v2\/pages"}],"about":[{"href":"https:\/\/drscheidt.de\/index.php\/wp-json\/wp\/v2\/types\/page"}],"author":[{"embeddable":true,"href":"https:\/\/drscheidt.de\/index.php\/wp-json\/wp\/v2\/users\/1"}],"replies":[{"embeddable":true,"href":"https:\/\/drscheidt.de\/index.php\/wp-json\/wp\/v2\/comments?post=150"}],"version-history":[{"count":2,"href":"https:\/\/drscheidt.de\/index.php\/wp-json\/wp\/v2\/pages\/150\/revisions"}],"predecessor-version":[{"id":154,"href":"https:\/\/drscheidt.de\/index.php\/wp-json\/wp\/v2\/pages\/150\/revisions\/154"}],"wp:attachment":[{"href":"https:\/\/drscheidt.de\/index.php\/wp-json\/wp\/v2\/media?parent=150"}],"curies":[{"name":"wp","href":"https:\/\/api.w.org\/{rel}","templated":true}]}}