{"id":16,"date":"2020-07-08T10:32:05","date_gmt":"2020-07-08T10:32:05","guid":{"rendered":"https:\/\/drscheidt.de\/?page_id=16"},"modified":"2020-07-15T08:02:17","modified_gmt":"2020-07-15T08:02:17","slug":"komfortmedizin","status":"publish","type":"page","link":"https:\/\/drscheidt.de\/index.php\/komfortmedizin.html","title":{"rendered":"Komfortmedizin"},"content":{"rendered":"<p>[et_pb_section fb_built=&#8220;1&#8243; fullwidth=&#8220;on&#8220; _builder_version=&#8220;4.4.8&#8243; global_module=&#8220;26&#8243; saved_tabs=&#8220;all&#8220;][et_pb_fullwidth_slider _builder_version=&#8220;4.4.9&#8243; background_image=&#8220;https:\/\/drscheidt.de\/wp-content\/uploads\/2020\/07\/Roentgenaufnahme_mitThomas.jpg&#8220; min_height=&#8220;464px&#8220;][et_pb_slide _builder_version=&#8220;4.4.8&#8243; background_enable_color=&#8220;off&#8220; background_image=&#8220;https:\/\/drscheidt.de\/wp-content\/uploads\/2020\/07\/Roentgenaufnahme_mitThomas.jpg&#8220; background_enable_image=&#8220;on&#8220;][\/et_pb_slide][et_pb_slide _builder_version=&#8220;4.4.9&#8243; background_enable_color=&#8220;off&#8220; background_image=&#8220;https:\/\/drscheidt.de\/wp-content\/uploads\/2020\/07\/Wirbel.jpg&#8220; background_enable_image=&#8220;on&#8220;][\/et_pb_slide][et_pb_slide _builder_version=&#8220;4.4.9&#8243; background_enable_color=&#8220;off&#8220; background_image=&#8220;https:\/\/drscheidt.de\/wp-content\/uploads\/2020\/07\/Wirbel.jpg&#8220; background_enable_image=&#8220;on&#8220;][\/et_pb_slide][\/et_pb_fullwidth_slider][\/et_pb_section][et_pb_section fb_built=&#8220;1&#8243; _builder_version=&#8220;4.4.8&#8243;][et_pb_row _builder_version=&#8220;4.4.8&#8243;][et_pb_column type=&#8220;4_4&#8243; _builder_version=&#8220;4.4.8&#8243;][et_pb_text _builder_version=&#8220;3.27.4&#8243; text_font=&#8220;Montserrat|300|||||||&#8220; text_font_size=&#8220;16px&#8220; text_line_height=&#8220;1.8em&#8220; ul_font=&#8220;||||||||&#8220; ol_font=&#8220;||||||||&#8220; header_font=&#8220;||||||||&#8220; header_2_font=&#8220;Montserrat|300|||||||&#8220; header_2_font_size=&#8220;40px&#8220; header_2_line_height=&#8220;1.5em&#8220; text_orientation=&#8220;center&#8220; max_width=&#8220;100%&#8220; module_alignment=&#8220;center&#8220; custom_margin=&#8220;|-37px||||&#8220; custom_margin_tablet=&#8220;0px|50px||50px&#8220; custom_margin_last_edited=&#8220;off|desktop&#8220; custom_padding=&#8220;|||&#8220; text_line_height_tablet=&#8220;1.8em&#8220; text_line_height_phone=&#8220;1.8em&#8220; text_line_height_last_edited=&#8220;off|desktop&#8220; header_2_font_size_tablet=&#8220;40px&#8220; header_2_font_size_phone=&#8220;30px&#8220; header_2_font_size_last_edited=&#8220;on|phone&#8220;]<\/p>\n<h1 style=\"text-align: center;\">Komfortmedizin <span color=\"grey\" style=\"color: grey;\">zu Ihrem Wohl (IGeL)<\/span><\/h1>\n<p style=\"text-align: center;\"><span color=\"grey\" style=\"color: grey;\"><b>Individuelle Gesundheitsleistungen (IGeL) <\/b><span>sind medizinische Therapien oder Untersuchungen, die im Gegensatz zu den <\/span><a href=\"https:\/\/www.orthopaedie-dr-scheidt.de\/index.php?vorauswahl=standardleistungen&amp;seite=standardleistungen\" target=\"_blank\" rel=\"noopener\">Standardleistungen<\/a><span> von den gesetzlichen Krankenkassen leider nicht \u00fcbernommen werden d\u00fcrfen. Jeder Patient hat jedoch die M\u00f6glichkeit, diese medizinischen Leistungen selbst zu bezahlen. Sinnvolle Leistungen, deren Wirksamkeit medizinisch nachgewiesen ist, bietet Ihnen auch unsere Praxis.<\/span><\/span><\/p>\n<p style=\"text-align: center;\"><b>Im Einzelnen bieten wir Ihnen folgende Leistungen an:<\/b><\/p>\n<p>[\/et_pb_text][\/et_pb_column][\/et_pb_row][et_pb_row column_structure=&#8220;1_3,1_3,1_3&#8243; _builder_version=&#8220;4.4.8&#8243; custom_margin=&#8220;2px|auto||auto||&#8220;][et_pb_column type=&#8220;1_3&#8243; _builder_version=&#8220;4.4.8&#8243;][et_pb_image src=&#8220;https:\/\/drscheidt.de\/wp-content\/uploads\/2020\/07\/Logo-S-Zeichen30.png&#8220; align=&#8220;center&#8220; _builder_version=&#8220;4.4.8&#8243; max_width=&#8220;29%&#8220; custom_margin=&#8220;||||false|false&#8220; custom_padding=&#8220;||||false|false&#8220; animation_style=&#8220;zoom&#8220; animation_direction=&#8220;left&#8220; animation_intensity_zoom=&#8220;5%&#8220; always_center_on_mobile=&#8220;off&#8220;][\/et_pb_image][et_pb_cta title=&#8220;Hyalorons\u00e4ureinjektion &#8220; button_url=&#8220;@ET-DC@eyJkeW5hbWljIjp0cnVlLCJjb250ZW50IjoicG9zdF9saW5rX3VybF9wYWdlIiwic2V0dGluZ3MiOnsicG9zdF9pZCI6IjEzNCJ9fQ==@&#8220; button_text=&#8220;Erfahren Sie mehr&#8220; _builder_version=&#8220;4.5.1&#8243; _dynamic_attributes=&#8220;button_url&#8220; header_level=&#8220;h3&#8243; header_font=&#8220;||||||||&#8220; header_text_color=&#8220;#0c71c3&#8243; header_line_height=&#8220;1.5em&#8220; body_font=&#8220;Montserrat|300|||||||&#8220; body_text_align=&#8220;left&#8220; body_font_size=&#8220;15px&#8220; body_line_height=&#8220;2em&#8220; use_background_color=&#8220;off&#8220; custom_button=&#8220;on&#8220; button_text_size=&#8220;14px&#8220; button_text_color=&#8220;#2f8cff&#8220; button_bg_color=&#8220;rgba(0,0,0,0.05)&#8220; button_border_width=&#8220;0px&#8220; button_border_radius=&#8220;100px&#8220; button_letter_spacing=&#8220;1px&#8220; button_font=&#8220;Montserrat||||||||&#8220; button_use_icon=&#8220;off&#8220; background_layout=&#8220;light&#8220; custom_padding=&#8220;|||&#8220; animation_direction=&#8220;top&#8220; border_radii=&#8220;||||&#8220; button_text_color_hover=&#8220;#ffffff&#8220; button_bg_color_hover=&#8220;#48d14c&#8220; locked=&#8220;off&#8220; button_text_size__hover_enabled=&#8220;off&#8220; button_one_text_size__hover_enabled=&#8220;off&#8220; button_two_text_size__hover_enabled=&#8220;off&#8220; button_text_color__hover_enabled=&#8220;on&#8220; button_text_color__hover=&#8220;#ffffff&#8220; button_one_text_color__hover_enabled=&#8220;off&#8220; button_two_text_color__hover_enabled=&#8220;off&#8220; button_border_width__hover_enabled=&#8220;off&#8220; button_one_border_width__hover_enabled=&#8220;off&#8220; button_two_border_width__hover_enabled=&#8220;off&#8220; button_border_color__hover_enabled=&#8220;off&#8220; button_one_border_color__hover_enabled=&#8220;off&#8220; button_two_border_color__hover_enabled=&#8220;off&#8220; button_border_radius__hover_enabled=&#8220;off&#8220; button_one_border_radius__hover_enabled=&#8220;off&#8220; button_two_border_radius__hover_enabled=&#8220;off&#8220; button_letter_spacing__hover_enabled=&#8220;off&#8220; button_one_letter_spacing__hover_enabled=&#8220;off&#8220; button_two_letter_spacing__hover_enabled=&#8220;off&#8220; button_bg_color__hover_enabled=&#8220;on&#8220; button_bg_color__hover=&#8220;#48d14c&#8220; button_one_bg_color__hover_enabled=&#8220;off&#8220; button_two_bg_color__hover_enabled=&#8220;off&#8220;]<\/p>\n<p style=\"text-align: center;\">zur Arthrosebehandlung<\/p>\n<p>[\/et_pb_cta][\/et_pb_column][et_pb_column type=&#8220;1_3&#8243; _builder_version=&#8220;4.4.8&#8243;][et_pb_image src=&#8220;https:\/\/drscheidt.de\/wp-content\/uploads\/2020\/07\/Logo-S-Zeichen30.png&#8220; align=&#8220;center&#8220; _builder_version=&#8220;4.4.8&#8243; max_width=&#8220;29%&#8220; custom_margin=&#8220;||||false|false&#8220; custom_padding=&#8220;||||false|false&#8220; animation_style=&#8220;zoom&#8220; animation_direction=&#8220;left&#8220; animation_intensity_zoom=&#8220;5%&#8220; always_center_on_mobile=&#8220;off&#8220;][\/et_pb_image][et_pb_cta title=&#8220;Extrakorporale Sto\u00dfwellentherapie&#8220; button_url=&#8220;#&#8220; button_text=&#8220;Erfahren Sie mehr&#8220; _builder_version=&#8220;4.4.8&#8243; header_level=&#8220;h3&#8243; header_font=&#8220;||||||||&#8220; header_text_color=&#8220;#0c71c3&#8243; header_line_height=&#8220;1.5em&#8220; body_font=&#8220;Montserrat|300|||||||&#8220; body_text_align=&#8220;left&#8220; body_font_size=&#8220;15px&#8220; body_line_height=&#8220;2em&#8220; use_background_color=&#8220;off&#8220; custom_button=&#8220;on&#8220; button_text_size=&#8220;14px&#8220; button_text_color=&#8220;#2f8cff&#8220; button_bg_color=&#8220;rgba(0,0,0,0.05)&#8220; button_border_width=&#8220;0px&#8220; button_border_radius=&#8220;100px&#8220; button_letter_spacing=&#8220;1px&#8220; button_font=&#8220;Montserrat||||||||&#8220; button_use_icon=&#8220;off&#8220; background_layout=&#8220;light&#8220; custom_padding=&#8220;|||&#8220; animation_direction=&#8220;top&#8220; border_radii=&#8220;||||&#8220; button_text_color_hover=&#8220;#ffffff&#8220; button_bg_color_hover=&#8220;#48d14c&#8220; locked=&#8220;off&#8220; button_text_size__hover_enabled=&#8220;off&#8220; button_one_text_size__hover_enabled=&#8220;off&#8220; button_two_text_size__hover_enabled=&#8220;off&#8220; button_text_color__hover_enabled=&#8220;on&#8220; button_text_color__hover=&#8220;#ffffff&#8220; button_one_text_color__hover_enabled=&#8220;off&#8220; button_two_text_color__hover_enabled=&#8220;off&#8220; button_border_width__hover_enabled=&#8220;off&#8220; button_one_border_width__hover_enabled=&#8220;off&#8220; button_two_border_width__hover_enabled=&#8220;off&#8220; button_border_color__hover_enabled=&#8220;off&#8220; button_one_border_color__hover_enabled=&#8220;off&#8220; button_two_border_color__hover_enabled=&#8220;off&#8220; button_border_radius__hover_enabled=&#8220;off&#8220; button_one_border_radius__hover_enabled=&#8220;off&#8220; button_two_border_radius__hover_enabled=&#8220;off&#8220; button_letter_spacing__hover_enabled=&#8220;off&#8220; button_one_letter_spacing__hover_enabled=&#8220;off&#8220; button_two_letter_spacing__hover_enabled=&#8220;off&#8220; button_bg_color__hover_enabled=&#8220;on&#8220; button_bg_color__hover=&#8220;#48d14c&#8220; button_one_bg_color__hover_enabled=&#8220;off&#8220; button_two_bg_color__hover_enabled=&#8220;off&#8220;]<\/p>\n<p style=\"text-align: center;\">zur Behandlung von chronischen Sehnenentz\u00fcndungen<\/p>\n<p>[\/et_pb_cta][\/et_pb_column][et_pb_column type=&#8220;1_3&#8243; _builder_version=&#8220;4.4.8&#8243;][et_pb_image src=&#8220;https:\/\/drscheidt.de\/wp-content\/uploads\/2020\/07\/Logo-S-Zeichen30.png&#8220; align=&#8220;center&#8220; _builder_version=&#8220;4.4.8&#8243; max_width=&#8220;29%&#8220; custom_margin=&#8220;||||false|false&#8220; custom_padding=&#8220;||||false|false&#8220; animation_style=&#8220;zoom&#8220; animation_direction=&#8220;left&#8220; animation_intensity_zoom=&#8220;5%&#8220; always_center_on_mobile=&#8220;off&#8220;][\/et_pb_image][et_pb_cta title=&#8220;Knochendichtemessung&#8220; button_url=&#8220;@ET-DC@eyJkeW5hbWljIjp0cnVlLCJjb250ZW50IjoicG9zdF9saW5rX3VybF9wYWdlIiwic2V0dGluZ3MiOnsicG9zdF9pZCI6IjE1MCJ9fQ==@&#8220; button_text=&#8220;Erfahren Sie mehr&#8220; _builder_version=&#8220;4.5.1&#8243; header_level=&#8220;h3&#8243; header_font=&#8220;||||||||&#8220; header_text_color=&#8220;#0c71c3&#8243; header_line_height=&#8220;1.5em&#8220; body_font=&#8220;Montserrat|300|||||||&#8220; body_text_align=&#8220;left&#8220; body_font_size=&#8220;15px&#8220; body_line_height=&#8220;2em&#8220; use_background_color=&#8220;off&#8220; custom_button=&#8220;on&#8220; button_text_size=&#8220;14px&#8220; button_text_color=&#8220;#2f8cff&#8220; button_bg_color=&#8220;rgba(0,0,0,0.05)&#8220; button_border_width=&#8220;0px&#8220; button_border_radius=&#8220;100px&#8220; button_letter_spacing=&#8220;1px&#8220; button_font=&#8220;Montserrat||||||||&#8220; button_use_icon=&#8220;off&#8220; background_layout=&#8220;light&#8220; custom_padding=&#8220;|||&#8220; animation_direction=&#8220;top&#8220; hover_enabled=&#8220;0&#8243; border_radii=&#8220;||||&#8220; button_text_color_hover=&#8220;#ffffff&#8220; button_bg_color_hover=&#8220;#48d14c&#8220; locked=&#8220;off&#8220; button_text_size__hover_enabled=&#8220;off&#8220; button_one_text_size__hover_enabled=&#8220;off&#8220; button_two_text_size__hover_enabled=&#8220;off&#8220; button_text_color__hover_enabled=&#8220;on&#8220; button_text_color__hover=&#8220;#ffffff&#8220; button_one_text_color__hover_enabled=&#8220;off&#8220; button_two_text_color__hover_enabled=&#8220;off&#8220; button_border_width__hover_enabled=&#8220;off&#8220; button_one_border_width__hover_enabled=&#8220;off&#8220; button_two_border_width__hover_enabled=&#8220;off&#8220; button_border_color__hover_enabled=&#8220;off&#8220; button_one_border_color__hover_enabled=&#8220;off&#8220; button_two_border_color__hover_enabled=&#8220;off&#8220; button_border_radius__hover_enabled=&#8220;off&#8220; button_one_border_radius__hover_enabled=&#8220;off&#8220; button_two_border_radius__hover_enabled=&#8220;off&#8220; button_letter_spacing__hover_enabled=&#8220;off&#8220; button_one_letter_spacing__hover_enabled=&#8220;off&#8220; button_two_letter_spacing__hover_enabled=&#8220;off&#8220; button_bg_color__hover_enabled=&#8220;on&#8220; button_bg_color__hover=&#8220;#48d14c&#8220; button_one_bg_color__hover_enabled=&#8220;off&#8220; button_two_bg_color__hover_enabled=&#8220;off&#8220; _dynamic_attributes=&#8220;button_url&#8220;]<\/p>\n<p style=\"text-align: center;\">zur Diagnostik der Osteoporose<\/p>\n<p>[\/et_pb_cta][\/et_pb_column][\/et_pb_row][et_pb_row column_structure=&#8220;1_3,1_3,1_3&#8243; _builder_version=&#8220;4.4.8&#8243; custom_margin=&#8220;2px|auto||auto||&#8220;][et_pb_column type=&#8220;1_3&#8243; _builder_version=&#8220;4.4.8&#8243;][et_pb_image src=&#8220;https:\/\/drscheidt.de\/wp-content\/uploads\/2020\/07\/Logo-S-Zeichen30.png&#8220; align=&#8220;center&#8220; _builder_version=&#8220;4.4.8&#8243; max_width=&#8220;29%&#8220; custom_margin=&#8220;||||false|false&#8220; custom_padding=&#8220;||||false|false&#8220; animation_style=&#8220;zoom&#8220; animation_direction=&#8220;left&#8220; animation_intensity_zoom=&#8220;5%&#8220; always_center_on_mobile=&#8220;off&#8220;][\/et_pb_image][et_pb_cta title=&#8220;Pulsierende Magnetfeldtherapie&#8220; button_url=&#8220;@ET-DC@eyJkeW5hbWljIjp0cnVlLCJjb250ZW50IjoicG9zdF9saW5rX3VybF9wYWdlIiwic2V0dGluZ3MiOnsicG9zdF9pZCI6IjE2OCJ9fQ==@&#8220; button_text=&#8220;Erfahren Sie mehr&#8220; _builder_version=&#8220;4.5.1&#8243; header_level=&#8220;h3&#8243; header_font=&#8220;||||||||&#8220; header_text_color=&#8220;#0c71c3&#8243; header_line_height=&#8220;1.5em&#8220; body_font=&#8220;Montserrat|300|||||||&#8220; body_text_align=&#8220;left&#8220; body_font_size=&#8220;15px&#8220; body_line_height=&#8220;2em&#8220; use_background_color=&#8220;off&#8220; custom_button=&#8220;on&#8220; button_text_size=&#8220;14px&#8220; button_text_color=&#8220;#2f8cff&#8220; button_bg_color=&#8220;rgba(0,0,0,0.05)&#8220; button_border_width=&#8220;0px&#8220; button_border_radius=&#8220;100px&#8220; button_letter_spacing=&#8220;1px&#8220; button_font=&#8220;Montserrat||||||||&#8220; button_use_icon=&#8220;off&#8220; background_layout=&#8220;light&#8220; custom_padding=&#8220;|||&#8220; animation_direction=&#8220;top&#8220; hover_enabled=&#8220;0&#8243; border_radii=&#8220;||||&#8220; button_text_color_hover=&#8220;#ffffff&#8220; button_bg_color_hover=&#8220;#48d14c&#8220; locked=&#8220;off&#8220; button_text_size__hover_enabled=&#8220;off&#8220; button_one_text_size__hover_enabled=&#8220;off&#8220; button_two_text_size__hover_enabled=&#8220;off&#8220; button_text_color__hover_enabled=&#8220;on&#8220; button_text_color__hover=&#8220;#ffffff&#8220; button_one_text_color__hover_enabled=&#8220;off&#8220; button_two_text_color__hover_enabled=&#8220;off&#8220; button_border_width__hover_enabled=&#8220;off&#8220; button_one_border_width__hover_enabled=&#8220;off&#8220; button_two_border_width__hover_enabled=&#8220;off&#8220; button_border_color__hover_enabled=&#8220;off&#8220; button_one_border_color__hover_enabled=&#8220;off&#8220; button_two_border_color__hover_enabled=&#8220;off&#8220; button_border_radius__hover_enabled=&#8220;off&#8220; button_one_border_radius__hover_enabled=&#8220;off&#8220; button_two_border_radius__hover_enabled=&#8220;off&#8220; button_letter_spacing__hover_enabled=&#8220;off&#8220; button_one_letter_spacing__hover_enabled=&#8220;off&#8220; button_two_letter_spacing__hover_enabled=&#8220;off&#8220; button_bg_color__hover_enabled=&#8220;on&#8220; button_bg_color__hover=&#8220;#48d14c&#8220; button_one_bg_color__hover_enabled=&#8220;off&#8220; button_two_bg_color__hover_enabled=&#8220;off&#8220; _dynamic_attributes=&#8220;button_url&#8220;]<\/p>\n<p style=\"text-align: center;\">zur Arthrosebehandlung<\/p>\n<p>[\/et_pb_cta][\/et_pb_column][et_pb_column type=&#8220;1_3&#8243; _builder_version=&#8220;4.4.8&#8243;][et_pb_image src=&#8220;https:\/\/drscheidt.de\/wp-content\/uploads\/2020\/07\/Logo-S-Zeichen30.png&#8220; align=&#8220;center&#8220; _builder_version=&#8220;4.4.8&#8243; max_width=&#8220;29%&#8220; custom_margin=&#8220;||||false|false&#8220; custom_padding=&#8220;||||false|false&#8220; animation_style=&#8220;zoom&#8220; animation_direction=&#8220;left&#8220; animation_intensity_zoom=&#8220;5%&#8220; always_center_on_mobile=&#8220;off&#8220;][\/et_pb_image][et_pb_cta title=&#8220;Akupunktur&#8220; button_url=&#8220;@ET-DC@eyJkeW5hbWljIjp0cnVlLCJjb250ZW50IjoicG9zdF9saW5rX3VybF9wYWdlIiwic2V0dGluZ3MiOnsicG9zdF9pZCI6IjE2OCJ9fQ==@&#8220; button_text=&#8220;Erfahren Sie mehr&#8220; _builder_version=&#8220;4.5.1&#8243; _dynamic_attributes=&#8220;button_url,link_option_url&#8220; header_level=&#8220;h3&#8243; header_font=&#8220;||||||||&#8220; header_text_color=&#8220;#0c71c3&#8243; header_line_height=&#8220;1.5em&#8220; body_font=&#8220;Montserrat|300|||||||&#8220; body_text_align=&#8220;left&#8220; body_font_size=&#8220;15px&#8220; body_line_height=&#8220;2em&#8220; use_background_color=&#8220;off&#8220; custom_button=&#8220;on&#8220; button_text_size=&#8220;14px&#8220; button_text_color=&#8220;#2f8cff&#8220; button_bg_color=&#8220;rgba(0,0,0,0.05)&#8220; button_border_width=&#8220;0px&#8220; button_border_radius=&#8220;100px&#8220; button_letter_spacing=&#8220;1px&#8220; button_font=&#8220;Montserrat||||||||&#8220; button_use_icon=&#8220;off&#8220; background_layout=&#8220;light&#8220; custom_padding=&#8220;|||&#8220; animation_direction=&#8220;top&#8220; hover_enabled=&#8220;0&#8243; border_radii=&#8220;||||&#8220; button_text_color_hover=&#8220;#ffffff&#8220; button_bg_color_hover=&#8220;#48d14c&#8220; locked=&#8220;off&#8220; button_text_size__hover_enabled=&#8220;off&#8220; button_one_text_size__hover_enabled=&#8220;off&#8220; button_two_text_size__hover_enabled=&#8220;off&#8220; button_text_color__hover_enabled=&#8220;on&#8220; button_text_color__hover=&#8220;#ffffff&#8220; button_one_text_color__hover_enabled=&#8220;off&#8220; button_two_text_color__hover_enabled=&#8220;off&#8220; button_border_width__hover_enabled=&#8220;off&#8220; button_one_border_width__hover_enabled=&#8220;off&#8220; button_two_border_width__hover_enabled=&#8220;off&#8220; button_border_color__hover_enabled=&#8220;off&#8220; button_one_border_color__hover_enabled=&#8220;off&#8220; button_two_border_color__hover_enabled=&#8220;off&#8220; button_border_radius__hover_enabled=&#8220;off&#8220; button_one_border_radius__hover_enabled=&#8220;off&#8220; button_two_border_radius__hover_enabled=&#8220;off&#8220; button_letter_spacing__hover_enabled=&#8220;off&#8220; button_one_letter_spacing__hover_enabled=&#8220;off&#8220; button_two_letter_spacing__hover_enabled=&#8220;off&#8220; button_bg_color__hover_enabled=&#8220;on&#8220; button_bg_color__hover=&#8220;#48d14c&#8220; button_one_bg_color__hover_enabled=&#8220;off&#8220; button_two_bg_color__hover_enabled=&#8220;off&#8220; link_option_url=&#8220;@ET-DC@eyJkeW5hbWljIjp0cnVlLCJjb250ZW50IjoicG9zdF9saW5rX3VybF9wYWdlIiwic2V0dGluZ3MiOnsicG9zdF9pZCI6IjE3NyJ9fQ==@&#8220;]<\/p>\n<p style=\"text-align: center;\">zur Schmerzbehandlung<\/p>\n<p>[\/et_pb_cta][\/et_pb_column][et_pb_column type=&#8220;1_3&#8243; _builder_version=&#8220;4.4.8&#8243;][et_pb_image src=&#8220;https:\/\/drscheidt.de\/wp-content\/uploads\/2020\/07\/Logo-S-Zeichen30.png&#8220; align=&#8220;center&#8220; _builder_version=&#8220;4.4.8&#8243; max_width=&#8220;29%&#8220; custom_margin=&#8220;||||false|false&#8220; custom_padding=&#8220;||||false|false&#8220; animation_style=&#8220;zoom&#8220; animation_direction=&#8220;left&#8220; animation_intensity_zoom=&#8220;5%&#8220; always_center_on_mobile=&#8220;off&#8220;][\/et_pb_image][et_pb_cta title=&#8220;Computerassistierte Fu\u00dfdruckmessung&#8220; button_url=&#8220;#&#8220; button_text=&#8220;Erfahren Sie mehr&#8220; _builder_version=&#8220;4.5.1&#8243; header_level=&#8220;h3&#8243; header_font=&#8220;||||||||&#8220; header_text_color=&#8220;#0c71c3&#8243; header_line_height=&#8220;1.5em&#8220; body_font=&#8220;Montserrat|300|||||||&#8220; body_text_align=&#8220;left&#8220; body_font_size=&#8220;15px&#8220; body_line_height=&#8220;2em&#8220; use_background_color=&#8220;off&#8220; custom_button=&#8220;on&#8220; button_text_size=&#8220;14px&#8220; button_text_color=&#8220;#2f8cff&#8220; button_bg_color=&#8220;rgba(0,0,0,0.05)&#8220; button_border_width=&#8220;0px&#8220; button_border_radius=&#8220;100px&#8220; button_letter_spacing=&#8220;1px&#8220; button_font=&#8220;Montserrat||||||||&#8220; button_use_icon=&#8220;off&#8220; background_layout=&#8220;light&#8220; custom_padding=&#8220;|||&#8220; animation_direction=&#8220;top&#8220; hover_enabled=&#8220;0&#8243; border_radii=&#8220;||||&#8220; button_text_color_hover=&#8220;#ffffff&#8220; button_bg_color_hover=&#8220;#48d14c&#8220; locked=&#8220;off&#8220; button_text_size__hover_enabled=&#8220;off&#8220; button_one_text_size__hover_enabled=&#8220;off&#8220; button_two_text_size__hover_enabled=&#8220;off&#8220; button_text_color__hover_enabled=&#8220;on&#8220; button_text_color__hover=&#8220;#ffffff&#8220; button_one_text_color__hover_enabled=&#8220;off&#8220; button_two_text_color__hover_enabled=&#8220;off&#8220; button_border_width__hover_enabled=&#8220;off&#8220; button_one_border_width__hover_enabled=&#8220;off&#8220; button_two_border_width__hover_enabled=&#8220;off&#8220; button_border_color__hover_enabled=&#8220;off&#8220; button_one_border_color__hover_enabled=&#8220;off&#8220; button_two_border_color__hover_enabled=&#8220;off&#8220; button_border_radius__hover_enabled=&#8220;off&#8220; button_one_border_radius__hover_enabled=&#8220;off&#8220; button_two_border_radius__hover_enabled=&#8220;off&#8220; button_letter_spacing__hover_enabled=&#8220;off&#8220; button_one_letter_spacing__hover_enabled=&#8220;off&#8220; button_two_letter_spacing__hover_enabled=&#8220;off&#8220; button_bg_color__hover_enabled=&#8220;on&#8220; button_bg_color__hover=&#8220;#48d14c&#8220; button_one_bg_color__hover_enabled=&#8220;off&#8220; button_two_bg_color__hover_enabled=&#8220;off&#8220; link_option_url=&#8220;@ET-DC@eyJkeW5hbWljIjp0cnVlLCJjb250ZW50IjoicG9zdF9saW5rX3VybF9wYWdlIiwic2V0dGluZ3MiOnsicG9zdF9pZCI6IjE1NiJ9fQ==@&#8220; _dynamic_attributes=&#8220;link_option_url&#8220;]<\/p>\n<p style=\"text-align: center;\">zur speziellen Einlagenversorgung<a href=\"https:\/\/www.orthopaedie-dr-scheidt.de\/index.php?vorauswahl=komfortmedizin&amp;seite=komfortmedizin_fussdruckmessung\" target=\"_blank\" rel=\"noopener\"><\/a><\/p>\n<p>[\/et_pb_cta][\/et_pb_column][\/et_pb_row][\/et_pb_section]<\/p>\n","protected":false},"excerpt":{"rendered":"<p>Komfortmedizin zu Ihrem Wohl (IGeL) Individuelle Gesundheitsleistungen (IGeL) sind medizinische Therapien oder Untersuchungen, die im Gegensatz zu den Standardleistungen von den gesetzlichen Krankenkassen leider nicht \u00fcbernommen werden d\u00fcrfen. Jeder Patient hat jedoch die M\u00f6glichkeit, diese medizinischen Leistungen selbst zu bezahlen. Sinnvolle Leistungen, deren Wirksamkeit medizinisch nachgewiesen ist, bietet Ihnen auch unsere Praxis. Im Einzelnen bieten [&hellip;]<\/p>\n","protected":false},"author":1,"featured_media":0,"parent":0,"menu_order":0,"comment_status":"closed","ping_status":"closed","template":"","meta":{"_et_pb_use_builder":"on","_et_pb_old_content":"","_et_gb_content_width":"","footnotes":""},"class_list":["post-16","page","type-page","status-publish","hentry"],"_links":{"self":[{"href":"https:\/\/drscheidt.de\/index.php\/wp-json\/wp\/v2\/pages\/16","targetHints":{"allow":["GET"]}}],"collection":[{"href":"https:\/\/drscheidt.de\/index.php\/wp-json\/wp\/v2\/pages"}],"about":[{"href":"https:\/\/drscheidt.de\/index.php\/wp-json\/wp\/v2\/types\/page"}],"author":[{"embeddable":true,"href":"https:\/\/drscheidt.de\/index.php\/wp-json\/wp\/v2\/users\/1"}],"replies":[{"embeddable":true,"href":"https:\/\/drscheidt.de\/index.php\/wp-json\/wp\/v2\/comments?post=16"}],"version-history":[{"count":5,"href":"https:\/\/drscheidt.de\/index.php\/wp-json\/wp\/v2\/pages\/16\/revisions"}],"predecessor-version":[{"id":188,"href":"https:\/\/drscheidt.de\/index.php\/wp-json\/wp\/v2\/pages\/16\/revisions\/188"}],"wp:attachment":[{"href":"https:\/\/drscheidt.de\/index.php\/wp-json\/wp\/v2\/media?parent=16"}],"curies":[{"name":"wp","href":"https:\/\/api.w.org\/{rel}","templated":true}]}}