{"id":168,"date":"2020-07-14T12:19:22","date_gmt":"2020-07-14T12:19:22","guid":{"rendered":"https:\/\/drscheidt.de\/?page_id=168"},"modified":"2020-07-14T12:33:45","modified_gmt":"2020-07-14T12:33:45","slug":"magnetfeldtherapie","status":"publish","type":"page","link":"https:\/\/drscheidt.de\/index.php\/magnetfeldtherapie.html","title":{"rendered":"Magnetfeldtherapie"},"content":{"rendered":"<p>[et_pb_section fb_built=&#8220;1&#8243; fullwidth=&#8220;on&#8220; _builder_version=&#8220;4.4.9&#8243; global_module=&#8220;106&#8243; saved_tabs=&#8220;all&#8220;][et_pb_fullwidth_slider _builder_version=&#8220;4.4.9&#8243; min_height=&#8220;474px&#8220; custom_padding=&#8220;||170px|||&#8220;][et_pb_slide _builder_version=&#8220;4.4.9&#8243; background_enable_color=&#8220;off&#8220; background_image=&#8220;https:\/\/drscheidt.de\/wp-content\/uploads\/2020\/07\/Scheidt_0521.jpg&#8220; background_enable_image=&#8220;on&#8220;][\/et_pb_slide][\/et_pb_fullwidth_slider][\/et_pb_section][et_pb_section fb_built=&#8220;1&#8243; _builder_version=&#8220;4.4.9&#8243;][et_pb_row column_structure=&#8220;2_5,3_5&#8243; _builder_version=&#8220;4.4.9&#8243;][et_pb_column type=&#8220;2_5&#8243; _builder_version=&#8220;4.4.9&#8243;][et_pb_image src=&#8220;https:\/\/drscheidt.de\/wp-content\/uploads\/2020\/07\/Scheidt_1979.jpg&#8220; title_text=&#8220;Scheidt_1979&#8243; _builder_version=&#8220;4.5.1&#8243; custom_margin=&#8220;98px||||false|false&#8220; hover_enabled=&#8220;0&#8243;][\/et_pb_image][\/et_pb_column][et_pb_column type=&#8220;3_5&#8243; _builder_version=&#8220;4.4.9&#8243;][et_pb_text _builder_version=&#8220;4.4.9&#8243;]<\/p>\n<h1>Magnetfeldtherapie<span style=\"font-size: 14px; color: #666666; font-weight: 500;\">\u00a0<br \/><\/span><span style=\"font-size: 14px; color: #666666; font-weight: 500;\">\u00a0<\/span><span style=\"color: grey; font-size: 30px;\">(PMT)<\/span><\/h1>\n<p><span style=\"font-size: 14px;\">Die pulsierende Magnetfeldtherapie (PMT) ist eine moderne Behandlungsmethode mit breitem Spektrum. Seit Jahren wird sie erfolgreich bei folgenden Indikationen eingesetzt:<\/span><\/p>\n<ul>\n<li>Schmerzen,<\/li>\n<li>Arthrosen,<\/li>\n<li>Schmerzen der Wirbels\u00e4ule bei Verschlei\u00dferkrankungen oder Bandscheibenvorf\u00e4llen,<\/li>\n<li>rheumatischen Erkrankungen,<\/li>\n<li>Sportverletzungen,<\/li>\n<li>Osteoporose,<\/li>\n<li>Wund- und Knochenbruchheilungsst\u00f6rungen,<\/li>\n<li>Durchblutungsst\u00f6rungen,<\/li>\n<li>Migr\u00e4ne und Neuralgien (Nervenschmerzen).<\/li>\n<\/ul>\n<p>&nbsp;<\/p>\n<p><a href=\"https:\/\/drscheidt.de\/index.php\/komfortmedizin.html\">&lt; zur\u00fcck zur Komfortmedizin-\u00dcbersicht<\/a><span style=\"font-size: 14px;\">\u00a0<\/span><\/p>\n<p>[\/et_pb_text][\/et_pb_column][\/et_pb_row][\/et_pb_section]<\/p>\n","protected":false},"excerpt":{"rendered":"<p>Magnetfeldtherapie\u00a0\u00a0(PMT) Die pulsierende Magnetfeldtherapie (PMT) ist eine moderne Behandlungsmethode mit breitem Spektrum. Seit Jahren wird sie erfolgreich bei folgenden Indikationen eingesetzt: Schmerzen, Arthrosen, Schmerzen der Wirbels\u00e4ule bei Verschlei\u00dferkrankungen oder Bandscheibenvorf\u00e4llen, rheumatischen Erkrankungen, Sportverletzungen, Osteoporose, Wund- und Knochenbruchheilungsst\u00f6rungen, Durchblutungsst\u00f6rungen, Migr\u00e4ne und Neuralgien (Nervenschmerzen). &nbsp; &lt; zur\u00fcck zur Komfortmedizin-\u00dcbersicht\u00a0<\/p>\n","protected":false},"author":1,"featured_media":0,"parent":0,"menu_order":0,"comment_status":"closed","ping_status":"closed","template":"","meta":{"_et_pb_use_builder":"on","_et_pb_old_content":"","_et_gb_content_width":"","footnotes":""},"class_list":["post-168","page","type-page","status-publish","hentry"],"_links":{"self":[{"href":"https:\/\/drscheidt.de\/index.php\/wp-json\/wp\/v2\/pages\/168","targetHints":{"allow":["GET"]}}],"collection":[{"href":"https:\/\/drscheidt.de\/index.php\/wp-json\/wp\/v2\/pages"}],"about":[{"href":"https:\/\/drscheidt.de\/index.php\/wp-json\/wp\/v2\/types\/page"}],"author":[{"embeddable":true,"href":"https:\/\/drscheidt.de\/index.php\/wp-json\/wp\/v2\/users\/1"}],"replies":[{"embeddable":true,"href":"https:\/\/drscheidt.de\/index.php\/wp-json\/wp\/v2\/comments?post=168"}],"version-history":[{"count":5,"href":"https:\/\/drscheidt.de\/index.php\/wp-json\/wp\/v2\/pages\/168\/revisions"}],"predecessor-version":[{"id":176,"href":"https:\/\/drscheidt.de\/index.php\/wp-json\/wp\/v2\/pages\/168\/revisions\/176"}],"wp:attachment":[{"href":"https:\/\/drscheidt.de\/index.php\/wp-json\/wp\/v2\/media?parent=168"}],"curies":[{"name":"wp","href":"https:\/\/api.w.org\/{rel}","templated":true}]}}